{"id":21701,"date":"2023-11-28T12:28:28","date_gmt":"2023-11-28T11:28:28","guid":{"rendered":"https:\/\/www.gmlopezcano.com\/company-policies\/"},"modified":"2023-11-29T10:29:32","modified_gmt":"2023-11-29T09:29:32","slug":"company-policies","status":"publish","type":"page","link":"https:\/\/www.gmlopezcano.com\/en\/company-policies\/","title":{"rendered":"Company policies"},"content":{"rendered":"\t\t<div data-elementor-type=\"wp-page\" data-elementor-id=\"21701\" class=\"elementor elementor-21701 elementor-21663\" data-elementor-post-type=\"page\">\n\t\t\t\t\t\t<section class=\"elementor-section elementor-top-section elementor-element elementor-element-90eee94 elementor-section-full_width elementor-section-height-default elementor-section-height-default\" data-id=\"90eee94\" data-element_type=\"section\" data-e-type=\"section\">\n\t\t\t\t\t\t<div class=\"elementor-container elementor-column-gap-default\">\n\t\t\t\t\t<div class=\"elementor-column elementor-col-100 elementor-top-column elementor-element elementor-element-8eab6f9\" data-id=\"8eab6f9\" data-element_type=\"column\" data-e-type=\"column\">\n\t\t\t<div class=\"elementor-widget-wrap elementor-element-populated\">\n\t\t\t\t\t\t<div class=\"elementor-element elementor-element-db308f8 elementor-widget elementor-widget-template\" data-id=\"db308f8\" data-element_type=\"widget\" data-e-type=\"widget\" data-widget_type=\"template.default\">\n\t\t\t\t<div class=\"elementor-widget-container\">\n\t\t\t\t\t\t\t<div class=\"elementor-template\">\n\t\t\t\t\t<div data-elementor-type=\"section\" data-elementor-id=\"3654\" class=\"elementor elementor-3654 elementor-2066\" data-elementor-post-type=\"elementor_library\">\n\t\t\t\t\t<section class=\"elementor-section elementor-top-section elementor-element elementor-element-49c90346 elementor-section-items-stretch elementor-section-content-middle elementor-section-height-min-height hero elementor-section-boxed elementor-section-height-default\" data-id=\"49c90346\" data-element_type=\"section\" data-e-type=\"section\" data-settings=\"{&quot;background_background&quot;:&quot;classic&quot;}\">\n\t\t\t\t\t\t\t<div class=\"elementor-background-overlay\"><\/div>\n\t\t\t\t\t\t\t<div class=\"elementor-container elementor-column-gap-default\">\n\t\t\t\t\t<div class=\"elementor-column elementor-col-66 elementor-top-column elementor-element elementor-element-3ceff663\" data-id=\"3ceff663\" data-element_type=\"column\" data-e-type=\"column\">\n\t\t\t<div class=\"elementor-widget-wrap elementor-element-populated\">\n\t\t\t\t\t\t<section class=\"elementor-section elementor-inner-section elementor-element elementor-element-6aa5344e hero-section-interior elementor-section-boxed elementor-section-height-default elementor-section-height-default\" data-id=\"6aa5344e\" data-element_type=\"section\" data-e-type=\"section\">\n\t\t\t\t\t\t<div class=\"elementor-container elementor-column-gap-default\">\n\t\t\t\t\t<div class=\"elementor-column elementor-col-100 elementor-inner-column elementor-element elementor-element-8095f22 white\" data-id=\"8095f22\" data-element_type=\"column\" data-e-type=\"column\">\n\t\t\t<div class=\"elementor-widget-wrap elementor-element-populated\">\n\t\t\t\t\t\t<div class=\"elementor-element elementor-element-56b57c0c elementor-invisible elementor-widget elementor-widget-heading\" data-id=\"56b57c0c\" data-element_type=\"widget\" data-e-type=\"widget\" data-settings=\"{&quot;_animation&quot;:&quot;fadeIn&quot;,&quot;_animation_delay&quot;:400}\" data-widget_type=\"heading.default\">\n\t\t\t\t<div class=\"elementor-widget-container\">\n\t\t\t\t\t<h1 class=\"elementor-heading-title elementor-size-default\">Company policies<\/h1>\t\t\t\t<\/div>\n\t\t\t\t<\/div>\n\t\t\t\t<div class=\"elementor-element elementor-element-18fd2e4 elementor-widget-divider--view-line elementor-invisible elementor-widget elementor-widget-divider\" data-id=\"18fd2e4\" data-element_type=\"widget\" data-e-type=\"widget\" data-settings=\"{&quot;_animation&quot;:&quot;fadeIn&quot;,&quot;_animation_delay&quot;:400}\" data-widget_type=\"divider.default\">\n\t\t\t\t<div class=\"elementor-widget-container\">\n\t\t\t\t\t\t\t<div class=\"elementor-divider\">\n\t\t\t<span class=\"elementor-divider-separator\">\n\t\t\t\t\t\t<\/span>\n\t\t<\/div>\n\t\t\t\t\t\t<\/div>\n\t\t\t\t<\/div>\n\t\t\t\t<div class=\"elementor-element elementor-element-4cc025a subtitle elementor-invisible elementor-widget elementor-widget-heading\" data-id=\"4cc025a\" data-element_type=\"widget\" data-e-type=\"widget\" data-settings=\"{&quot;_animation&quot;:&quot;fadeIn&quot;,&quot;_animation_delay&quot;:400}\" data-widget_type=\"heading.default\">\n\t\t\t\t<div class=\"elementor-widget-container\">\n\t\t\t\t\t<h2 class=\"elementor-heading-title elementor-size-default\">Centres<\/h2>\t\t\t\t<\/div>\n\t\t\t\t<\/div>\n\t\t\t\t\t<\/div>\n\t\t<\/div>\n\t\t\t\t\t<\/div>\n\t\t<\/section>\n\t\t\t\t\t<\/div>\n\t\t<\/div>\n\t\t\t\t<div class=\"elementor-column elementor-col-33 elementor-top-column elementor-element elementor-element-3cdbd4c1 elementor-hidden-tablet elementor-hidden-mobile\" data-id=\"3cdbd4c1\" data-element_type=\"column\" data-e-type=\"column\">\n\t\t\t<div class=\"elementor-widget-wrap\">\n\t\t\t\t\t\t\t<\/div>\n\t\t<\/div>\n\t\t\t\t\t<\/div>\n\t\t<\/section>\n\t\t\t\t<\/div>\n\t\t\t\t<\/div>\n\t\t\t\t\t\t<\/div>\n\t\t\t\t<\/div>\n\t\t\t\t\t<\/div>\n\t\t<\/div>\n\t\t\t\t\t<\/div>\n\t\t<\/section>\n\t\t\t\t<section class=\"elementor-section elementor-top-section elementor-element elementor-element-62186b7 section elementor-section-boxed elementor-section-height-default elementor-section-height-default\" data-id=\"62186b7\" data-element_type=\"section\" data-e-type=\"section\">\n\t\t\t\t\t\t<div class=\"elementor-container elementor-column-gap-default\">\n\t\t\t\t\t<div class=\"elementor-column elementor-col-50 elementor-top-column elementor-element elementor-element-49ff646 column-delete-padding\" data-id=\"49ff646\" data-element_type=\"column\" data-e-type=\"column\">\n\t\t\t<div class=\"elementor-widget-wrap elementor-element-populated\">\n\t\t\t\t\t\t<div class=\"elementor-element elementor-element-72cb855 elementor-widget elementor-widget-heading\" data-id=\"72cb855\" data-element_type=\"widget\" data-e-type=\"widget\" data-widget_type=\"heading.default\">\n\t\t\t\t<div class=\"elementor-widget-container\">\n\t\t\t\t\t<h4 class=\"elementor-heading-title elementor-size-default\">M\u00e1s informaci\u00f3n del Canal<\/h4>\t\t\t\t<\/div>\n\t\t\t\t<\/div>\n\t\t\t\t<div class=\"elementor-element elementor-element-0700fef elementor-widget elementor-widget-text-editor\" data-id=\"0700fef\" data-element_type=\"widget\" data-e-type=\"widget\" data-widget_type=\"text-editor.default\">\n\t\t\t\t<div class=\"elementor-widget-container\">\n\t\t\t\t\t\t\t\t\t<p>La presente Pol\u00edtica establece los principios generales en materia del Sistema interno de informaci\u00f3n y defensa del Informante que persigue la puesta en firme de una base de fundamentos destinados a promover la correcta utilizaci\u00f3n del Sistema Interno de Informaci\u00f3n de esta entidad, as\u00ed como garantizar una defensa \u00edntegra del informante.<\/p>\n<p>Esta pol\u00edtica se aplica de forma generalizada e \u00edntegra a la presente entidad y los principios de la protecci\u00f3n y defensa del informante incluidos en la presente pol\u00edtica, se aplicar\u00e1n a los informantes conforme a lo dispuesto en la Ley 2\/2023, de 20 de febrero, reguladora de la protecci\u00f3n de las personas que informen sobre infracciones normativas y de lucha contra la corrupci\u00f3n.<\/p>\n<p>Los principios esenciales son los siguientes:<\/p>\n<p><strong>Prohibici\u00f3n de represalias: <\/strong>La entidad se compromete a no adoptar ninguna forma de represalia contra cualquier persona que hubiera realizado una denuncia de buena fe.<\/p>\n<p><strong>Confidencialidad: <\/strong>El canal incorpora mecanismos que garantizan la confidencialidad de la identidad del informante y de cualquier tercero mencionado en la comunicaci\u00f3n y ofrece un espacio seguro para mantener contacto con las personas que gestionan las comunicaciones recibidas y permitir la interacci\u00f3n entre estas y las personas informantes de manera an\u00f3nima.<\/p>\n<p>Asimismo, se garantiza la protecci\u00f3n de los datos personales como un principio esencial en la gesti\u00f3n de las comunicaciones recibidas.<\/p>\n<p><strong>Anonimato: <\/strong>Las comunicaciones pueden realizarse de forma an\u00f3nima y es por ello que el anonimato est\u00e1 asegurado durante todo el proceso, tanto en la presentaci\u00f3n de la comunicaci\u00f3n como en las comunicaciones bidireccionales que se produzcan en las diferentes fases de la tramitaci\u00f3n.<\/p>\n<p><strong>Celeridad: <\/strong>Se establecen unos plazos breves para dar tr\u00e1mite al a comunicaci\u00f3n recibida y tomar las medidas que resulten oportunas.<\/p>\n<p><strong>Independencia: <\/strong>El Responsable del Sistema desarrollar\u00e1 sus funciones de forma independiente y aut\u00f3noma respecto del resto de \u00f3rganos de entidad y no recibir\u00e1 instrucciones de ning\u00fan tipo en su ejercicio.<\/p>\n<p><strong>Gesti\u00f3n del Sistema: <\/strong>La Unidad de Cumplimiento es el \u00f3rgano responsable de la gesti\u00f3n del Sistema interno de informaci\u00f3n de conformidad con el procedimiento establecido por su respectivo \u00f3rgano de gobierno.<\/p>\n<p><strong>Derechos de las personas afectadas: <\/strong>Se garantizan los derechos a la intimidad, al honor, a la defensa y a la presunci\u00f3n de inocencia de las personas investigadas y afectadas.<\/p>\n<p><strong>Proporcionalidad: <\/strong>Las actuaciones a desarrollar en el tratamiento de las comunicaciones recibidas tendr\u00e1n el alcance necesario y adecuado para conseguir los fines que se pretenden.<\/p>\n<p>Las comunicaciones pueden enviarse por escrito a trav\u00e9s del formulario de esta p\u00e1gina web, por correo electr\u00f3nico al email <a href=\"mailto:contacto@gmlopezcano.com\">canaldedenuncias@gmlopezcano.com<\/a> o por cualquier otro medio. Los informantes tambi\u00e9n pueden dirigir sus comunicaciones a la Autoridad Independiente de Protecci\u00f3n del Informante o a cualquier otra instituci\u00f3n, \u00f3rgano u organismo competente.<\/p>\t\t\t\t\t\t\t\t<\/div>\n\t\t\t\t<\/div>\n\t\t\t\t\t<\/div>\n\t\t<\/div>\n\t\t\t\t<div class=\"elementor-column elementor-col-50 elementor-top-column elementor-element elementor-element-c0213c8 column-delete-padding\" data-id=\"c0213c8\" data-element_type=\"column\" data-e-type=\"column\">\n\t\t\t<div class=\"elementor-widget-wrap elementor-element-populated\">\n\t\t\t\t\t\t<div class=\"elementor-element elementor-element-f7c65af elementor-widget elementor-widget-heading\" data-id=\"f7c65af\" data-element_type=\"widget\" data-e-type=\"widget\" data-widget_type=\"heading.default\">\n\t\t\t\t<div class=\"elementor-widget-container\">\n\t\t\t\t\t<h4 class=\"elementor-heading-title elementor-size-default\">Acceso y uso del Canal<\/h4>\t\t\t\t<\/div>\n\t\t\t\t<\/div>\n\t\t\t\t<div class=\"elementor-element elementor-element-bb97b54 elementor-widget elementor-widget-text-editor\" data-id=\"bb97b54\" data-element_type=\"widget\" data-e-type=\"widget\" data-widget_type=\"text-editor.default\">\n\t\t\t\t<div class=\"elementor-widget-container\">\n\t\t\t\t\t\t\t\t\t<p>El canal de denuncias debe ser utilizado exclusivamente para reportar conductas contrarias a la ley o las pol\u00edticas internas de la empresa. Puede acceder haciendo click en el siguiente enlace:<\/p>\n\t\t\t\t\t\t\t\t<\/div>\n\t\t\t\t<\/div>\n\t\t\t\t<div class=\"elementor-element elementor-element-c8e5505 elementor-mobile-align-left elementor-align-justify elementor-widget__width-inherit elementor-widget elementor-widget-button\" data-id=\"c8e5505\" data-element_type=\"widget\" data-e-type=\"widget\" data-widget_type=\"button.default\">\n\t\t\t\t<div class=\"elementor-widget-container\">\n\t\t\t\t\t\t\t\t\t<div class=\"elementor-button-wrapper\">\n\t\t\t\t\t<a class=\"elementor-button elementor-button-link elementor-size-md elementor-animation-float\" href=\"https:\/\/canaldenuncia-compliancecorporate.i2-ethics.com\/\" target=\"_blank\" rel=\"noopener\">\n\t\t\t\t\t\t<span class=\"elementor-button-content-wrapper\">\n\t\t\t\t\t\t\t\t\t<span class=\"elementor-button-text\">To access<\/span>\n\t\t\t\t\t<\/span>\n\t\t\t\t\t<\/a>\n\t\t\t\t<\/div>\n\t\t\t\t\t\t\t\t<\/div>\n\t\t\t\t<\/div>\n\t\t\t\t\t<\/div>\n\t\t<\/div>\n\t\t\t\t\t<\/div>\n\t\t<\/section>\n\t\t\t\t<section class=\"elementor-section elementor-top-section elementor-element elementor-element-3e1a5ec elementor-section-full_width elementor-section-height-default elementor-section-height-default\" data-id=\"3e1a5ec\" data-element_type=\"section\" data-e-type=\"section\">\n\t\t\t\t\t\t<div class=\"elementor-container elementor-column-gap-default\">\n\t\t\t\t\t<div class=\"elementor-column elementor-col-100 elementor-top-column elementor-element elementor-element-bd88b02\" data-id=\"bd88b02\" data-element_type=\"column\" data-e-type=\"column\">\n\t\t\t<div class=\"elementor-widget-wrap elementor-element-populated\">\n\t\t\t\t\t\t<div class=\"elementor-element elementor-element-be35947 elementor-widget elementor-widget-template\" data-id=\"be35947\" data-element_type=\"widget\" data-e-type=\"widget\" data-widget_type=\"template.default\">\n\t\t\t\t<div class=\"elementor-widget-container\">\n\t\t\t\t\t\t\t<div class=\"elementor-template\">\n\t\t\t\t\t<div data-elementor-type=\"section\" data-elementor-id=\"3660\" class=\"elementor elementor-3660 elementor-2003\" data-elementor-post-type=\"elementor_library\">\n\t\t\t\t\t<section class=\"elementor-section elementor-top-section elementor-element elementor-element-4b51f005 elementor-section-full_width elementor-section-content-middle form elementor-section-height-default elementor-section-height-default\" data-id=\"4b51f005\" data-element_type=\"section\" data-e-type=\"section\" data-settings=\"{&quot;background_background&quot;:&quot;classic&quot;}\">\n\t\t\t\t\t\t<div class=\"elementor-container elementor-column-gap-default\">\n\t\t\t\t\t<div class=\"elementor-column elementor-col-33 elementor-top-column elementor-element elementor-element-5c7767b3\" data-id=\"5c7767b3\" data-element_type=\"column\" data-e-type=\"column\" data-settings=\"{&quot;background_background&quot;:&quot;classic&quot;,&quot;background_motion_fx_motion_fx_scrolling&quot;:&quot;yes&quot;,&quot;background_motion_fx_translateY_effect&quot;:&quot;yes&quot;,&quot;background_motion_fx_translateY_speed&quot;:{&quot;unit&quot;:&quot;px&quot;,&quot;size&quot;:1,&quot;sizes&quot;:[]},&quot;background_motion_fx_translateY_affectedRange&quot;:{&quot;unit&quot;:&quot;%&quot;,&quot;size&quot;:&quot;&quot;,&quot;sizes&quot;:{&quot;start&quot;:0,&quot;end&quot;:100}},&quot;background_motion_fx_devices&quot;:[&quot;desktop&quot;,&quot;tablet_extra&quot;,&quot;tablet&quot;,&quot;mobile&quot;]}\">\n\t\t\t<div class=\"elementor-widget-wrap elementor-element-populated\">\n\t\t\t\t\t\t<div class=\"elementor-element elementor-element-49729a16 elementor-widget elementor-widget-spacer\" data-id=\"49729a16\" data-element_type=\"widget\" data-e-type=\"widget\" data-widget_type=\"spacer.default\">\n\t\t\t\t<div class=\"elementor-widget-container\">\n\t\t\t\t\t\t\t<div class=\"elementor-spacer\">\n\t\t\t<div class=\"elementor-spacer-inner\"><\/div>\n\t\t<\/div>\n\t\t\t\t\t\t<\/div>\n\t\t\t\t<\/div>\n\t\t\t\t\t<\/div>\n\t\t<\/div>\n\t\t\t\t<div class=\"elementor-column elementor-col-66 elementor-top-column elementor-element elementor-element-2bf9c698\" data-id=\"2bf9c698\" data-element_type=\"column\" data-e-type=\"column\" data-settings=\"{&quot;background_background&quot;:&quot;classic&quot;}\">\n\t\t\t<div class=\"elementor-widget-wrap elementor-element-populated\">\n\t\t\t\t\t<div class=\"elementor-background-overlay\"><\/div>\n\t\t\t\t\t\t<section class=\"elementor-section elementor-inner-section elementor-element elementor-element-243ce21e elementor-section-boxed elementor-section-height-default elementor-section-height-default\" data-id=\"243ce21e\" data-element_type=\"section\" data-e-type=\"section\" data-settings=\"{&quot;background_background&quot;:&quot;classic&quot;}\">\n\t\t\t\t\t\t<div class=\"elementor-container elementor-column-gap-default\">\n\t\t\t\t\t<div class=\"elementor-column elementor-col-100 elementor-inner-column elementor-element elementor-element-5ec2198c\" data-id=\"5ec2198c\" data-element_type=\"column\" data-e-type=\"column\">\n\t\t\t<div class=\"elementor-widget-wrap elementor-element-populated\">\n\t\t\t\t\t\t<div class=\"elementor-element elementor-element-1aa03a40 elementor-invisible elementor-widget elementor-widget-heading\" data-id=\"1aa03a40\" data-element_type=\"widget\" data-e-type=\"widget\" data-settings=\"{&quot;_animation&quot;:&quot;fadeIn&quot;,&quot;_animation_delay&quot;:400}\" data-widget_type=\"heading.default\">\n\t\t\t\t<div class=\"elementor-widget-container\">\n\t\t\t\t\t<h3 class=\"elementor-heading-title elementor-size-default\">Make an appointment<\/h3>\t\t\t\t<\/div>\n\t\t\t\t<\/div>\n\t\t\t\t<div class=\"elementor-element elementor-element-21acd374 elementor-invisible elementor-widget elementor-widget-text-editor\" data-id=\"21acd374\" data-element_type=\"widget\" data-e-type=\"widget\" data-settings=\"{&quot;_animation&quot;:&quot;fadeIn&quot;,&quot;_animation_delay&quot;:600}\" data-widget_type=\"text-editor.default\">\n\t\t\t\t<div class=\"elementor-widget-container\">\n\t\t\t\t\t\t\t\t\tRequest your first free appointment\t\t\t\t\t\t\t\t<\/div>\n\t\t\t\t<\/div>\n\t\t\t\t<div class=\"elementor-element elementor-element-b596242 elementor-widget elementor-widget-shortcode\" data-id=\"b596242\" data-element_type=\"widget\" data-e-type=\"widget\" data-widget_type=\"shortcode.default\">\n\t\t\t\t<div class=\"elementor-widget-container\">\n\t\t\t\t\t\t\t<div class=\"elementor-shortcode\">\n<div class=\"wpcf7 no-js\" id=\"wpcf7-f5938-o1\" lang=\"es-ES\" dir=\"ltr\" data-wpcf7-id=\"5938\">\n<div class=\"screen-reader-response\"><p role=\"status\" aria-live=\"polite\" aria-atomic=\"true\"><\/p> <ul><\/ul><\/div>\n<form action=\"\/en\/wp-json\/wp\/v2\/pages\/21701#wpcf7-f5938-o1\" method=\"post\" class=\"wpcf7-form init wpcf7-acceptance-as-validation\" aria-label=\"Formulario de contacto\" novalidate=\"novalidate\" data-status=\"init\">\n<fieldset class=\"hidden-fields-container\"><input type=\"hidden\" name=\"_wpcf7\" value=\"5938\" \/><input type=\"hidden\" name=\"_wpcf7_version\" value=\"6.1.5\" \/><input type=\"hidden\" name=\"_wpcf7_locale\" value=\"es_ES\" \/><input type=\"hidden\" name=\"_wpcf7_unit_tag\" value=\"wpcf7-f5938-o1\" \/><input type=\"hidden\" name=\"_wpcf7_container_post\" value=\"0\" \/><input type=\"hidden\" name=\"_wpcf7_posted_data_hash\" value=\"\" \/><input type=\"hidden\" name=\"_wpcf7_recaptcha_response\" value=\"\" \/>\n<\/fieldset>\n<div class=\"form-style white\">\n\t<p><label class=\"col-50\"><span class=\"wpcf7-form-control-wrap\" data-name=\"nombre\"><input size=\"40\" maxlength=\"400\" class=\"wpcf7-form-control wpcf7-text wpcf7-validates-as-required text_input\" aria-required=\"true\" aria-invalid=\"false\" placeholder=\"Nombre *\" value=\"\" type=\"text\" name=\"nombre\" \/><\/span><\/label><label class=\"col-50\"><span class=\"wpcf7-form-control-wrap\" data-name=\"email\"><input size=\"40\" maxlength=\"400\" class=\"wpcf7-form-control wpcf7-email wpcf7-validates-as-required wpcf7-text wpcf7-validates-as-email text_input\" aria-required=\"true\" aria-invalid=\"false\" placeholder=\"Email *\" value=\"\" type=\"email\" name=\"email\" \/><\/span><\/label><label class=\"col-50\"><span class=\"wpcf7-form-control-wrap\" data-name=\"telefono\"><input size=\"40\" maxlength=\"400\" class=\"wpcf7-form-control wpcf7-text wpcf7-validates-as-required text_input\" aria-required=\"true\" aria-invalid=\"false\" placeholder=\"Tel\u00e9fono *\" value=\"\" type=\"text\" name=\"telefono\" \/><\/span><\/label><label class=\"col-50\"><span class=\"wpcf7-form-control-wrap\" data-name=\"especialidad\"><select class=\"wpcf7-form-control wpcf7-select wpcf7-validates-as-required text_input\" aria-required=\"true\" aria-invalid=\"false\" name=\"especialidad\"><option value=\"\">Especialidad *<\/option><option value=\"Aparato Digestivo\">Aparato Digestivo<\/option><option value=\"Unidad de Pl\u00e1stica y Est\u00e9tica\">Unidad de Pl\u00e1stica y Est\u00e9tica<\/option><option value=\"Fisioterapia\">Fisioterapia<\/option><option value=\"Unidad Capilar\">Unidad Capilar<\/option><option value=\"Unidad de Audiolog\u00eda\">Unidad de Audiolog\u00eda<\/option><option value=\"Unidad de Salud Mental\">Unidad de Salud Mental<\/option><option value=\"Unidad de V\u00e9rtigo\">Unidad de V\u00e9rtigo<\/option><option value=\"Otras Especialidades\">Otras Especialidades<\/option><\/select><\/span><\/label><label class=\"col-100\"><span class=\"wpcf7-form-control-wrap\" data-name=\"acceptance-321\"><span class=\"wpcf7-form-control wpcf7-acceptance\"><span class=\"wpcf7-list-item\"><label><input type=\"checkbox\" name=\"acceptance-321\" value=\"1\" aria-invalid=\"false\" \/><span class=\"wpcf7-list-item-label\">He le\u00eddo y acepto la <a target=\"_blank\" href=\"\/politica-de-privacidad\">pol\u00edtica de privacidad<\/a><\/span><\/label><\/span><\/span><\/span><\/label><label class=\"col-100\"><span id=\"wpcf7-69e09d6e94979-wrapper\" class=\"wpcf7-form-control-wrap your-name-wrap\" style=\"display:none !important; visibility:hidden !important;\"><label for=\"wpcf7-69e09d6e94979-field\" class=\"hp-message\">Por favor, deja este campo vac\u00edo.<\/label><input id=\"wpcf7-69e09d6e94979-field\"  class=\"wpcf7-form-control wpcf7-text\" type=\"text\" name=\"your-name\" value=\"\" size=\"40\" tabindex=\"-1\" autocomplete=\"new-password\" \/><\/span><input class=\"wpcf7-form-control wpcf7-submit has-spinner button\" type=\"submit\" value=\"Te llamamos\" \/><\/label>\n\t<\/p>\n<\/div><p style=\"display: none !important;\" class=\"akismet-fields-container\" data-prefix=\"_wpcf7_ak_\"><label>&#916;<textarea name=\"_wpcf7_ak_hp_textarea\" cols=\"45\" rows=\"8\" maxlength=\"100\"><\/textarea><\/label><input type=\"hidden\" id=\"ak_js_1\" name=\"_wpcf7_ak_js\" value=\"112\"\/><script>document.getElementById( \"ak_js_1\" ).setAttribute( \"value\", ( new Date() ).getTime() );<\/script><\/p><input type='hidden' class='wpcf7-pum' value='{\"closepopup\":false,\"closedelay\":0,\"openpopup\":false,\"openpopup_id\":0}' \/><div class=\"wpcf7-response-output\" aria-hidden=\"true\"><\/div>\n<\/form>\n<\/div>\n<\/div>\n\t\t\t\t\t\t<\/div>\n\t\t\t\t<\/div>\n\t\t\t\t\t<\/div>\n\t\t<\/div>\n\t\t\t\t\t<\/div>\n\t\t<\/section>\n\t\t\t\t\t<\/div>\n\t\t<\/div>\n\t\t\t\t\t<\/div>\n\t\t<\/section>\n\t\t\t\t<\/div>\n\t\t\t\t<\/div>\n\t\t\t\t\t\t<\/div>\n\t\t\t\t<\/div>\n\t\t\t\t\t<\/div>\n\t\t<\/div>\n\t\t\t\t\t<\/div>\n\t\t<\/section>\n\t\t\t\t<\/div>\n\t\t","protected":false},"excerpt":{"rendered":"<p>M\u00e1s informaci\u00f3n del Canal La presente Pol\u00edtica establece los principios generales en materia del Sistema interno de informaci\u00f3n y defensa del Informante que persigue la puesta en firme de una base de fundamentos destinados a promover la correcta utilizaci\u00f3n del Sistema Interno de Informaci\u00f3n de esta entidad, as\u00ed como garantizar una defensa \u00edntegra del informante. &#8230; <a title=\"Company policies\" class=\"read-more\" href=\"https:\/\/www.gmlopezcano.com\/en\/company-policies\/\" aria-label=\"Read more about Company policies\">Read more<\/a><\/p>\n","protected":false},"author":6,"featured_media":3426,"parent":0,"menu_order":0,"comment_status":"closed","ping_status":"closed","template":"elementor_header_footer","meta":{"_acf_changed":false,"footnotes":""},"class_list":["post-21701","page","type-page","status-publish","has-post-thumbnail"],"acf":{"subtitulo":""},"_links":{"self":[{"href":"https:\/\/www.gmlopezcano.com\/en\/wp-json\/wp\/v2\/pages\/21701","targetHints":{"allow":["GET"]}}],"collection":[{"href":"https:\/\/www.gmlopezcano.com\/en\/wp-json\/wp\/v2\/pages"}],"about":[{"href":"https:\/\/www.gmlopezcano.com\/en\/wp-json\/wp\/v2\/types\/page"}],"author":[{"embeddable":true,"href":"https:\/\/www.gmlopezcano.com\/en\/wp-json\/wp\/v2\/users\/6"}],"replies":[{"embeddable":true,"href":"https:\/\/www.gmlopezcano.com\/en\/wp-json\/wp\/v2\/comments?post=21701"}],"version-history":[{"count":5,"href":"https:\/\/www.gmlopezcano.com\/en\/wp-json\/wp\/v2\/pages\/21701\/revisions"}],"predecessor-version":[{"id":21737,"href":"https:\/\/www.gmlopezcano.com\/en\/wp-json\/wp\/v2\/pages\/21701\/revisions\/21737"}],"wp:featuredmedia":[{"embeddable":true,"href":"https:\/\/www.gmlopezcano.com\/en\/wp-json\/wp\/v2\/media\/3426"}],"wp:attachment":[{"href":"https:\/\/www.gmlopezcano.com\/en\/wp-json\/wp\/v2\/media?parent=21701"}],"curies":[{"name":"wp","href":"https:\/\/api.w.org\/{rel}","templated":true}]}}