{"id":5475,"date":"2023-07-14T09:06:35","date_gmt":"2023-07-14T07:06:35","guid":{"rendered":"https:\/\/lopezcano.moneomarketingdigital.es\/cookies-policy\/"},"modified":"2023-09-14T10:44:19","modified_gmt":"2023-09-14T08:44:19","slug":"cookies-policy","status":"publish","type":"page","link":"https:\/\/www.gmlopezcano.com\/en\/cookies-policy\/","title":{"rendered":"Cookies Policy"},"content":{"rendered":"\t\t<div data-elementor-type=\"wp-page\" data-elementor-id=\"5475\" class=\"elementor elementor-5475 elementor-5446\" data-elementor-post-type=\"page\">\n\t\t\t\t\t\t<section class=\"elementor-section elementor-top-section elementor-element elementor-element-9c0f5bd elementor-section-full_width elementor-section-height-default elementor-section-height-default\" data-id=\"9c0f5bd\" data-element_type=\"section\" data-e-type=\"section\">\n\t\t\t\t\t\t<div class=\"elementor-container elementor-column-gap-default\">\n\t\t\t\t\t<div class=\"elementor-column elementor-col-100 elementor-top-column elementor-element elementor-element-4ff8006\" data-id=\"4ff8006\" data-element_type=\"column\" data-e-type=\"column\">\n\t\t\t<div class=\"elementor-widget-wrap elementor-element-populated\">\n\t\t\t\t\t\t<div class=\"elementor-element elementor-element-2e44edf elementor-widget elementor-widget-template\" data-id=\"2e44edf\" data-element_type=\"widget\" data-e-type=\"widget\" data-widget_type=\"template.default\">\n\t\t\t\t<div class=\"elementor-widget-container\">\n\t\t\t\t\t\t\t<div class=\"elementor-template\">\n\t\t\t\t\t<div data-elementor-type=\"section\" data-elementor-id=\"3654\" class=\"elementor elementor-3654 elementor-2066\" data-elementor-post-type=\"elementor_library\">\n\t\t\t\t\t<section class=\"elementor-section elementor-top-section elementor-element elementor-element-49c90346 elementor-section-items-stretch elementor-section-content-middle elementor-section-height-min-height hero elementor-section-boxed elementor-section-height-default\" data-id=\"49c90346\" data-element_type=\"section\" data-e-type=\"section\" data-settings=\"{&quot;background_background&quot;:&quot;classic&quot;}\">\n\t\t\t\t\t\t\t<div class=\"elementor-background-overlay\"><\/div>\n\t\t\t\t\t\t\t<div class=\"elementor-container elementor-column-gap-default\">\n\t\t\t\t\t<div class=\"elementor-column elementor-col-66 elementor-top-column elementor-element elementor-element-3ceff663\" data-id=\"3ceff663\" data-element_type=\"column\" data-e-type=\"column\">\n\t\t\t<div class=\"elementor-widget-wrap elementor-element-populated\">\n\t\t\t\t\t\t<section class=\"elementor-section elementor-inner-section elementor-element elementor-element-6aa5344e hero-section-interior elementor-section-boxed elementor-section-height-default elementor-section-height-default\" data-id=\"6aa5344e\" data-element_type=\"section\" data-e-type=\"section\">\n\t\t\t\t\t\t<div class=\"elementor-container elementor-column-gap-default\">\n\t\t\t\t\t<div class=\"elementor-column elementor-col-100 elementor-inner-column elementor-element elementor-element-8095f22 white\" data-id=\"8095f22\" data-element_type=\"column\" data-e-type=\"column\">\n\t\t\t<div class=\"elementor-widget-wrap elementor-element-populated\">\n\t\t\t\t\t\t<div class=\"elementor-element elementor-element-56b57c0c elementor-invisible elementor-widget elementor-widget-heading\" data-id=\"56b57c0c\" data-element_type=\"widget\" data-e-type=\"widget\" data-settings=\"{&quot;_animation&quot;:&quot;fadeIn&quot;,&quot;_animation_delay&quot;:400}\" data-widget_type=\"heading.default\">\n\t\t\t\t<div class=\"elementor-widget-container\">\n\t\t\t\t\t<h1 class=\"elementor-heading-title elementor-size-default\">Cookies Policy<\/h1>\t\t\t\t<\/div>\n\t\t\t\t<\/div>\n\t\t\t\t<div class=\"elementor-element elementor-element-18fd2e4 elementor-widget-divider--view-line elementor-invisible elementor-widget elementor-widget-divider\" data-id=\"18fd2e4\" data-element_type=\"widget\" data-e-type=\"widget\" data-settings=\"{&quot;_animation&quot;:&quot;fadeIn&quot;,&quot;_animation_delay&quot;:400}\" data-widget_type=\"divider.default\">\n\t\t\t\t<div class=\"elementor-widget-container\">\n\t\t\t\t\t\t\t<div class=\"elementor-divider\">\n\t\t\t<span class=\"elementor-divider-separator\">\n\t\t\t\t\t\t<\/span>\n\t\t<\/div>\n\t\t\t\t\t\t<\/div>\n\t\t\t\t<\/div>\n\t\t\t\t<div class=\"elementor-element elementor-element-4cc025a subtitle elementor-invisible elementor-widget elementor-widget-heading\" data-id=\"4cc025a\" data-element_type=\"widget\" data-e-type=\"widget\" data-settings=\"{&quot;_animation&quot;:&quot;fadeIn&quot;,&quot;_animation_delay&quot;:400}\" data-widget_type=\"heading.default\">\n\t\t\t\t<div class=\"elementor-widget-container\">\n\t\t\t\t\t<h2 class=\"elementor-heading-title elementor-size-default\">Centres<\/h2>\t\t\t\t<\/div>\n\t\t\t\t<\/div>\n\t\t\t\t\t<\/div>\n\t\t<\/div>\n\t\t\t\t\t<\/div>\n\t\t<\/section>\n\t\t\t\t\t<\/div>\n\t\t<\/div>\n\t\t\t\t<div class=\"elementor-column elementor-col-33 elementor-top-column elementor-element elementor-element-3cdbd4c1 elementor-hidden-tablet elementor-hidden-mobile\" data-id=\"3cdbd4c1\" data-element_type=\"column\" data-e-type=\"column\">\n\t\t\t<div class=\"elementor-widget-wrap\">\n\t\t\t\t\t\t\t<\/div>\n\t\t<\/div>\n\t\t\t\t\t<\/div>\n\t\t<\/section>\n\t\t\t\t<\/div>\n\t\t\t\t<\/div>\n\t\t\t\t\t\t<\/div>\n\t\t\t\t<\/div>\n\t\t\t\t\t<\/div>\n\t\t<\/div>\n\t\t\t\t\t<\/div>\n\t\t<\/section>\n\t\t\t\t<section class=\"elementor-section elementor-top-section elementor-element elementor-element-28bdcd8 section elementor-section-content-middle elementor-section-boxed elementor-section-height-default elementor-section-height-default\" data-id=\"28bdcd8\" data-element_type=\"section\" data-e-type=\"section\" data-settings=\"{&quot;background_background&quot;:&quot;classic&quot;}\">\n\t\t\t\t\t\t<div class=\"elementor-container elementor-column-gap-default\">\n\t\t\t\t\t<div class=\"elementor-column elementor-col-100 elementor-top-column elementor-element elementor-element-a939264 column-delete-padding\" data-id=\"a939264\" data-element_type=\"column\" data-e-type=\"column\">\n\t\t\t<div class=\"elementor-widget-wrap elementor-element-populated\">\n\t\t\t\t\t\t<div class=\"elementor-element elementor-element-6f281dd elementor-widget elementor-widget-text-editor\" data-id=\"6f281dd\" data-element_type=\"widget\" data-e-type=\"widget\" data-widget_type=\"text-editor.default\">\n\t\t\t\t<div class=\"elementor-widget-container\">\n\t\t\t\t\t\t\t\t\t<p>Una cookie es un fichero que se descarga en su ordenador al acceder a determinadas p\u00e1ginas web. Las cookies permiten a una p\u00e1gina web, entre otras cosas, almacenar y recuperar informaci\u00f3n sobre los h\u00e1bitos de navegaci\u00f3n de un usuario o de su equipo y, dependiendo de la informaci\u00f3n que contengan y de la forma en que utilice su equipo, pueden utilizarse para reconocer al usuario.<\/p>\n<p>La web de Grupo M\u00e9dico L\u00f3pez Cano utiliza cookies propias y de terceros, todas en el dominio www.gmlopezcano.com<\/p>\n<h4>A.- TIPOS DE COOKIES.<\/h4>\n<p><strong>1.- Tipos de cookies, seg\u00fan la entidad que las gestione:<\/strong><\/p>\n<p>a) Cookies Propias: son aquellas que se env\u00edan al equipo terminal del usuario desde un equipo o dominio gestionado por el propio editor y desde el que se presta el servicio solicitado por el usuario.<\/p>\n<p>b) Cookies de terceros: Son aquellas que se env\u00edan al equipo terminal del usuario desde un equipo o dominio que no es gestionado por el editor, sino por otra entidad que trata los datos obtenidos a trav\u00e9s de las cookies.<\/p>\n<p><strong>2.- Tipos de cookies, seg\u00fan su finalidad:<\/strong><\/p>\n<p>a) Cookies T\u00e9cnicas: Son aquellas que permiten al usuario la navegaci\u00f3n a trav\u00e9s de la p\u00e1gina web, plataforma o aplicaci\u00f3n y la utilizaci\u00f3n de las diferentes opciones o servicios que en ella existen.<\/p>\n<p>b) Cookies de An\u00e1lisis: Son aquellas que permiten al responsable de estas, el seguimiento y an\u00e1lisis del comportamiento de los usuarios de los sitios web a los que est\u00e1n vinculadas.<\/p>\n<p>c) Cookies de personalizaci\u00f3n: Estas cookies almacenan informaci\u00f3n del comportamiento del usuario obtenida a trav\u00e9s del registro de sus h\u00e1bitos de navegaci\u00f3n, lo que permite desarrollar un perfil espec\u00edfico para ofrecer informaci\u00f3n comercial adaptada a sus gustos y preferencias. Almacenan informaci\u00f3n como el tipo de conexi\u00f3n, idioma, patrones de navegaci\u00f3n o ubicaci\u00f3n.<\/p>\n<p>d) Cookies de publicidad comportamental: Son aquellas que almacenan informaci\u00f3n del comportamiento de los usuarios obtenida a trav\u00e9s de la observaci\u00f3n continuada de sus h\u00e1bitos de navegaci\u00f3n, lo que permite desarrollar un perfil espec\u00edfico para mostrar publicidad en funci\u00f3n de este.<\/p>\n<p><strong>3.-Tipos de cookies, seg\u00fan el plazo de tiempo de tiempo que permanecen activadas:<\/strong><\/p>\n<p>a) Cookies de Sesi\u00f3n: Son las dise\u00f1adas para recabar y almacenar datos mientras el usuario accede a una p\u00e1gina web. Se suelen emplear para la prestaci\u00f3n del servicio solicitado por el usuario en una sola ocasi\u00f3n.<\/p>\n<p>b) Cookies Persistentes: Son las dise\u00f1adas para que los datos sigan almacenados en el terminal y pueden ser accedidos y tratados durante un periodo definido por el responsable de la cookie, y que puede ir de unos minutos a varios a\u00f1os.<\/p>\n<p><strong>COOKIES EMPLEADAS EN www.gmlopezcano.com<\/strong><\/p>\n<table width=\"100%\">\n<tbody>\n<tr>\n<td colspan=\"3\">Cookies propias<\/td>\n<\/tr>\n<tr>\n<td width=\"30%\">Tipo<\/td>\n<td width=\"30%\">Nombre<\/td>\n<td width=\"40%\">Funci\u00f3n<\/td>\n<\/tr>\n<tr>\n<td>Cookie de aceptaci\u00f3n<\/td>\n<td>jfcookie<\/td>\n<td>Es la cookie que se crea cuando aceptas las pol\u00edticas de cookies de la pagina.<\/td>\n<\/tr>\n<tr>\n<td>Cookies de terceros<\/td>\n<\/tr>\n<tr>\n<td>Tipo<\/td>\n<td>Nombre<\/td>\n<td>Funci\u00f3n<\/td>\n<\/tr>\n<tr>\n<td>Cookie anal\u00edtica\n<p>\u00a0<\/p>\n<p>De Google<\/p>\n<\/td>\n<td>_gat_UA_numerico<\/td>\n<td>Utilizado por Google Analytics para controlar la tasa de peticiones. Cookies de Sesi\u00f3n.<\/td>\n<\/tr>\n<tr>\n<td>Cookie anal\u00edtica\n<p>\u00a0<\/p>\n<p>De Google<\/p>\n<\/td>\n<td>_ga<\/td>\n<td>Registra una identificaci\u00f3n num\u00e9rica que se utiliza para generar datos estad\u00edsticos acerca de c\u00f3mo utiliza el visitante el sitio web. Duraci\u00f3n 2 A\u00f1os.<\/td>\n<\/tr>\n<tr>\n<td>Cookie anal\u00edtica\n<p>\u00a0<\/p>\n<p>De Google<\/p>\n<\/td>\n<td>_gid<\/td>\n<td>Cookie anal\u00edtica, relacionada con Google Analytics que se usa para distinguir a los usuarios. Cookie de Sesi\u00f3n.<\/td>\n<\/tr>\n<tr>\n<td>Cookie anal\u00edtica\n<p>\u00a0<\/p>\n<p>De Google<\/p>\n<\/td>\n<td>NID\n<p>\u00a0<\/p>\n<p>CONSENT<\/p>\n<\/td>\n<td>Contiene un ID \u00fanico que Google utiliza para recordar tus preferencias. Habilitan la funci\u00f3n de registro de la procedencia del usuario. Duraci\u00f3n 6 meses.<\/td>\n<\/tr>\n<tr>\n<td>Cookie anal\u00edtica\n<p>\u00a0<\/p>\n<p>De Google<\/p>\n<\/td>\n<td>1P_JAR<\/td>\n<td>Cookie de Google. Estas cookies se usan para recopilar estad\u00edsticas del sitio web y rastrear las tasas de conversi\u00f3n.<\/td>\n<\/tr>\n<\/tbody>\n<\/table>\n<h4>B- GESTI\u00d3N DE COOKIES.<\/h4>\n<p><strong>1.- \u00bfPor qu\u00e9 debo permitir las cookies?<\/strong><\/p>\n<p>Al permitir las cookies, podr\u00e1s obtener una mejor experiencia en nuestro sitio web.<\/p>\n<p>Adem\u00e1s, hay algunas acciones b\u00e1sicas que requieren cookies (t\u00e9cnicas) y que permiten que la p\u00e1gina web pueda desarrollar sus funcionalidades.<\/p>\n<p><strong>2.- \u00bfQu\u00e9 pasa si bloqueo las cookies?<\/strong><\/p>\n<p>Si decides bloquear las cookies, puede impedir el correcto funcionamiento de algunas caracter\u00edsticas de la web. Esto restringir\u00e1 lo que puedes hacer en la misma.<\/p>\n<p>Si aceptas estas limitaciones y decides bloquear las cookies, por favor sigue las instrucciones para tu navegador en la siguiente secci\u00f3n.<\/p>\n<p><strong>3.- \u00bfC\u00f3mo puedo bloquear o permitir las cookies?<\/strong><\/p>\n<p>Usted puede permitir, conocer, bloquear o eliminar las cookies instaladas en su equipo mediante la configuraci\u00f3n de las opciones del navegador instalado en su ordenador.<\/p>\n<p>Puede encontrar informaci\u00f3n sobre c\u00f3mo hacerlo en el caso que use como navegador:<\/p>\n<p>Chrome, desde http:\/\/support.google.com\/chrome\/bin\/answer.py?hl=es&amp;answer=95647<\/p>\n<p>Explorer, desde http:\/\/windows.microsoft.com\/es-es\/windows7\/how-to-manage-cookies-in-internet-explorer-9<\/p>\n<p>Firefox, desde https:\/\/support.mozilla.org\/es\/kb\/habilitar-y-deshabilitar-cookies-sitios-web-rastrear-preferencias<\/p>\n<p>Safari, desde http:\/\/support.apple.com\/kb\/ph5042<\/p>\n<p>Opera, desde http:\/\/www.opera.com\/help\/tutorials\/security\/privacy\/<\/p>\n<h4>PRIVACIDAD Y TRATAMIENTO DE DATOS<\/h4>\n<p>La EMPRESA trata sus datos de car\u00e1cter personal seg\u00fan los establecido en el Reglamento (UE) 2016\/679 del Parlamento Europeo y del Consejo, de 27 de abril de 2016, relativo a la protecci\u00f3n de las personas f\u00edsicas en lo que respecta al tratamiento de datos personales y a la libre circulaci\u00f3n de estos datos y por el que se deroga la Directiva 95\/46\/CE (Reglamento general de protecci\u00f3n de datos) y la LO 3\/2018. La informaci\u00f3n sobre sus datos de car\u00e1cter personal, seg\u00fan el art\u00edculo 13 de la secci\u00f3n 2 del citado reglamento y la LO 3\/2018, puede consultarla en este [<a href=\"https:\/\/gmlopezcano.com\/politica-de-privacidad\/\" target=\"_blank\" rel=\"noopener\">LINK<\/a>].<\/p>\n<h4>ACCESO A DATOS<\/h4>\n<p>Las cookies de nuestro sitio web son utilizadas por:<\/p>\n<p>\u00b7 El Titular de la p\u00e1gina Grupo M\u00e9dico L\u00f3pez Cano, con CIF B11460086 y domicilio social en Av. de la Ilustraci\u00f3n, 6, 11011 C\u00e1diz<\/p>\t\t\t\t\t\t\t\t<\/div>\n\t\t\t\t<\/div>\n\t\t\t\t\t<\/div>\n\t\t<\/div>\n\t\t\t\t\t<\/div>\n\t\t<\/section>\n\t\t\t\t<\/div>\n\t\t","protected":false},"excerpt":{"rendered":"<p>Una cookie es un fichero que se descarga en su ordenador al acceder a determinadas p\u00e1ginas web. Las cookies permiten a una p\u00e1gina web, entre otras cosas, almacenar y recuperar informaci\u00f3n sobre los h\u00e1bitos de navegaci\u00f3n de un usuario o de su equipo y, dependiendo de la informaci\u00f3n que contengan y de la forma en &#8230; <a title=\"Cookies Policy\" class=\"read-more\" href=\"https:\/\/www.gmlopezcano.com\/en\/cookies-policy\/\" aria-label=\"Read more about Cookies Policy\">Read more<\/a><\/p>\n","protected":false},"author":6,"featured_media":3312,"parent":0,"menu_order":0,"comment_status":"closed","ping_status":"open","template":"elementor_header_footer","meta":{"_acf_changed":false,"footnotes":""},"class_list":["post-5475","page","type-page","status-publish","has-post-thumbnail"],"acf":{"subtitulo":"Lorem ipsum dolor sit amet, consectetur adipiscing elit. Sed commodo fermentum mauris vitae gravida."},"_links":{"self":[{"href":"https:\/\/www.gmlopezcano.com\/en\/wp-json\/wp\/v2\/pages\/5475","targetHints":{"allow":["GET"]}}],"collection":[{"href":"https:\/\/www.gmlopezcano.com\/en\/wp-json\/wp\/v2\/pages"}],"about":[{"href":"https:\/\/www.gmlopezcano.com\/en\/wp-json\/wp\/v2\/types\/page"}],"author":[{"embeddable":true,"href":"https:\/\/www.gmlopezcano.com\/en\/wp-json\/wp\/v2\/users\/6"}],"replies":[{"embeddable":true,"href":"https:\/\/www.gmlopezcano.com\/en\/wp-json\/wp\/v2\/comments?post=5475"}],"version-history":[{"count":4,"href":"https:\/\/www.gmlopezcano.com\/en\/wp-json\/wp\/v2\/pages\/5475\/revisions"}],"predecessor-version":[{"id":16189,"href":"https:\/\/www.gmlopezcano.com\/en\/wp-json\/wp\/v2\/pages\/5475\/revisions\/16189"}],"wp:featuredmedia":[{"embeddable":true,"href":"https:\/\/www.gmlopezcano.com\/en\/wp-json\/wp\/v2\/media\/3312"}],"wp:attachment":[{"href":"https:\/\/www.gmlopezcano.com\/en\/wp-json\/wp\/v2\/media?parent=5475"}],"curies":[{"name":"wp","href":"https:\/\/api.w.org\/{rel}","templated":true}]}}